{"id":1576,"date":"2023-09-04T19:50:53","date_gmt":"2023-09-05T00:50:53","guid":{"rendered":"https:\/\/webs.seguriserver.com\/okvet\/?post_type=product&#038;p=1576"},"modified":"2023-09-04T19:58:21","modified_gmt":"2023-09-05T00:58:21","slug":"pote-chunky-delidog-pollo-en-trozos-con-arroz-y-vegetales","status":"publish","type":"product","link":"https:\/\/webs.seguriserver.com\/okvet\/producto\/pote-chunky-delidog-pollo-en-trozos-con-arroz-y-vegetales\/","title":{"rendered":"Pote Chunky Delidog Pollo en trozos con arroz y vegetales"},"content":{"rendered":"<p><strong>Beneficios: <\/strong>Adem\u00e1s, contiene buenas fuentes de \u00e1cidos grasos omegas 3 y 6 que favorecer\u00e1n la salud de la piel y del pelaje. Su f\u00f3rmula est\u00e1 elaborada a base de pollo 100% garantizado y aportar\u00e1 niveles \u00f3ptimos de prote\u00ednas, vitaminas y minerales para el mantenimiento de una vida saludable. &#8211; Alimento h\u00famedo para perros con nutrientes esenciales como vitaminas, minerales y \u00e1cidos grasos, elaborado con verdadera carne de pollo, proporcionar\u00e1 una nutrici\u00f3n completa y balanceada, su rico sabor y atrayente aroma provocar\u00e1 incluso a los perros con paladares m\u00e1s exigentes.<\/p>\n<p><strong>Caracter\u00edsticas:<\/strong> H\u00edgado de pollo, agua, carne de pollo, harina de trigo, grasa animal preservada con BHA y \u00e1cido citrico, prote\u00edna de soya concentrada, caarragenina, cloruro de sodio, cloruro de colina, cebolla deshidratada, goma guar, carbonato de calcio, \u00f3xido de zinc, sulfato ferroso, sulfato de zinc, suplemento devitamina E, niacina, cobre, sulfato y\/o \u00f3xido de magnesio, pantotenato de calcio, suplemento de vitamina A, biotina, mononitrato de tiamina (duente de vitamina B2), hidroclorato de piridoxina (fuente de vitamina B6), vitamina D3, yodato de calcio, vitamina B12, \u00e1cido f\u00f3lico, carbonato de cobalto, complejo de bisulfito de sodio, menadiona (fuente activa de vitamina K), selenito de sodio, tartrazina. An\u00e1lisis Garantizado: Prote\u00edna Cruda 8,0% &#8211; Grasa Cruda 3,0% &#8211; Fibra Cruda 1,0% &#8211; Ceniza M\u00e1ximo 5,0% &#8211; Humedad M\u00e1ximo 82,0%<\/p>\n","protected":false},"excerpt":{"rendered":"<p>Pote chunky delidog trozos pollo, Es una rica comida h\u00fameda para perros que consta de deliciosos trozos de pollo ba\u00f1ados en una rica y provocativa salsa elaborada a partir de vegetales y arroz. Este alimento ser\u00e1 ideal para complementar la alimentaci\u00f3n diaria de tu perro. Es un alimento h\u00famedo, rico, completo y balanceado, ideal para consentir a tu perro con nuevos y deliciosos sabores.<\/p>\n","protected":false},"featured_media":1580,"template":"","meta":{"_joinchat":[]},"product_brand":[],"product_cat":[34,35,36,37],"product_tag":[49],"class_list":{"0":"post-1576","1":"product","2":"type-product","3":"status-publish","4":"has-post-thumbnail","6":"product_cat-alimentos-y-snacks","7":"product_cat-complementos-y-accesorios","8":"product_cat-juguetes","9":"product_cat-medicamentos","10":"product_tag-chunky","12":"first","13":"instock","14":"sale","15":"shipping-taxable","16":"purchasable","17":"product-type-variable"},"yoast_head":"<!-- This site is optimized with the Yoast SEO plugin v27.5 - https:\/\/yoast.com\/product\/yoast-seo-wordpress\/ -->\n<title>Pote Chunky Delidog Pollo en trozos con arroz y vegetales - San Lucas<\/title>\n<meta name=\"robots\" content=\"index, follow, max-snippet:-1, max-image-preview:large, max-video-preview:-1\" \/>\n<link rel=\"canonical\" href=\"https:\/\/webs.seguriserver.com\/okvet\/producto\/pote-chunky-delidog-pollo-en-trozos-con-arroz-y-vegetales\/\" \/>\n<meta property=\"og:locale\" content=\"es_ES\" \/>\n<meta property=\"og:type\" content=\"article\" \/>\n<meta property=\"og:title\" content=\"Pote Chunky Delidog Pollo en trozos con arroz y vegetales - San Lucas\" \/>\n<meta property=\"og:description\" content=\"Pote chunky delidog trozos pollo, Es una rica comida h\u00fameda para perros que consta de deliciosos trozos de pollo ba\u00f1ados en una rica y provocativa salsa elaborada a partir de vegetales y arroz. Este alimento ser\u00e1 ideal para complementar la alimentaci\u00f3n diaria de tu perro. Es un alimento h\u00famedo, rico, completo y balanceado, ideal para consentir a tu perro con nuevos y deliciosos sabores.\" \/>\n<meta property=\"og:url\" content=\"https:\/\/webs.seguriserver.com\/okvet\/producto\/pote-chunky-delidog-pollo-en-trozos-con-arroz-y-vegetales\/\" \/>\n<meta property=\"og:site_name\" content=\"San Lucas\" \/>\n<meta property=\"article:modified_time\" content=\"2023-09-05T00:58:21+00:00\" \/>\n<meta property=\"og:image\" content=\"https:\/\/webs.seguriserver.com\/okvet\/wp-content\/uploads\/2023\/09\/image-223.png\" \/>\n\t<meta property=\"og:image:width\" content=\"398\" \/>\n\t<meta property=\"og:image:height\" content=\"399\" \/>\n\t<meta property=\"og:image:type\" content=\"image\/png\" \/>\n<meta name=\"twitter:card\" content=\"summary_large_image\" \/>\n<meta name=\"twitter:label1\" content=\"Tiempo de lectura\" \/>\n\t<meta name=\"twitter:data1\" content=\"1 minuto\" \/>\n<script type=\"application\/ld+json\" class=\"yoast-schema-graph\">{\"@context\":\"https:\\\/\\\/schema.org\",\"@graph\":[{\"@type\":\"WebPage\",\"@id\":\"https:\\\/\\\/webs.seguriserver.com\\\/okvet\\\/producto\\\/pote-chunky-delidog-pollo-en-trozos-con-arroz-y-vegetales\\\/\",\"url\":\"https:\\\/\\\/webs.seguriserver.com\\\/okvet\\\/producto\\\/pote-chunky-delidog-pollo-en-trozos-con-arroz-y-vegetales\\\/\",\"name\":\"Pote Chunky Delidog Pollo en trozos con arroz y vegetales - San Lucas\",\"isPartOf\":{\"@id\":\"https:\\\/\\\/webs.seguriserver.com\\\/okvet\\\/#website\"},\"primaryImageOfPage\":{\"@id\":\"https:\\\/\\\/webs.seguriserver.com\\\/okvet\\\/producto\\\/pote-chunky-delidog-pollo-en-trozos-con-arroz-y-vegetales\\\/#primaryimage\"},\"image\":{\"@id\":\"https:\\\/\\\/webs.seguriserver.com\\\/okvet\\\/producto\\\/pote-chunky-delidog-pollo-en-trozos-con-arroz-y-vegetales\\\/#primaryimage\"},\"thumbnailUrl\":\"https:\\\/\\\/webs.seguriserver.com\\\/okvet\\\/wp-content\\\/uploads\\\/2023\\\/09\\\/image-223-e1708709808129.png\",\"datePublished\":\"2023-09-05T00:50:53+00:00\",\"dateModified\":\"2023-09-05T00:58:21+00:00\",\"breadcrumb\":{\"@id\":\"https:\\\/\\\/webs.seguriserver.com\\\/okvet\\\/producto\\\/pote-chunky-delidog-pollo-en-trozos-con-arroz-y-vegetales\\\/#breadcrumb\"},\"inLanguage\":\"es-CO\",\"potentialAction\":[{\"@type\":\"ReadAction\",\"target\":[\"https:\\\/\\\/webs.seguriserver.com\\\/okvet\\\/producto\\\/pote-chunky-delidog-pollo-en-trozos-con-arroz-y-vegetales\\\/\"]}]},{\"@type\":\"ImageObject\",\"inLanguage\":\"es-CO\",\"@id\":\"https:\\\/\\\/webs.seguriserver.com\\\/okvet\\\/producto\\\/pote-chunky-delidog-pollo-en-trozos-con-arroz-y-vegetales\\\/#primaryimage\",\"url\":\"https:\\\/\\\/webs.seguriserver.com\\\/okvet\\\/wp-content\\\/uploads\\\/2023\\\/09\\\/image-223-e1708709808129.png\",\"contentUrl\":\"https:\\\/\\\/webs.seguriserver.com\\\/okvet\\\/wp-content\\\/uploads\\\/2023\\\/09\\\/image-223-e1708709808129.png\",\"width\":398,\"height\":397},{\"@type\":\"BreadcrumbList\",\"@id\":\"https:\\\/\\\/webs.seguriserver.com\\\/okvet\\\/producto\\\/pote-chunky-delidog-pollo-en-trozos-con-arroz-y-vegetales\\\/#breadcrumb\",\"itemListElement\":[{\"@type\":\"ListItem\",\"position\":1,\"name\":\"Inicio\",\"item\":\"https:\\\/\\\/webs.seguriserver.com\\\/okvet\\\/\"},{\"@type\":\"ListItem\",\"position\":2,\"name\":\"Productos\",\"item\":\"https:\\\/\\\/webs.seguriserver.com\\\/okvet\\\/shop\\\/\"},{\"@type\":\"ListItem\",\"position\":3,\"name\":\"Pote Chunky Delidog Pollo en trozos con arroz y vegetales\"}]},{\"@type\":\"WebSite\",\"@id\":\"https:\\\/\\\/webs.seguriserver.com\\\/okvet\\\/#website\",\"url\":\"https:\\\/\\\/webs.seguriserver.com\\\/okvet\\\/\",\"name\":\"San Lucas\",\"description\":\"Cl\u00ecnica Veterinaria\",\"publisher\":{\"@id\":\"https:\\\/\\\/webs.seguriserver.com\\\/okvet\\\/#organization\"},\"potentialAction\":[{\"@type\":\"SearchAction\",\"target\":{\"@type\":\"EntryPoint\",\"urlTemplate\":\"https:\\\/\\\/webs.seguriserver.com\\\/okvet\\\/?s={search_term_string}\"},\"query-input\":{\"@type\":\"PropertyValueSpecification\",\"valueRequired\":true,\"valueName\":\"search_term_string\"}}],\"inLanguage\":\"es-CO\"},{\"@type\":\"Organization\",\"@id\":\"https:\\\/\\\/webs.seguriserver.com\\\/okvet\\\/#organization\",\"name\":\"San Lucas\",\"url\":\"https:\\\/\\\/webs.seguriserver.com\\\/okvet\\\/\",\"logo\":{\"@type\":\"ImageObject\",\"inLanguage\":\"es-CO\",\"@id\":\"https:\\\/\\\/webs.seguriserver.com\\\/okvet\\\/#\\\/schema\\\/logo\\\/image\\\/\",\"url\":\"https:\\\/\\\/webs.seguriserver.com\\\/okvet\\\/wp-content\\\/uploads\\\/2023\\\/05\\\/Capture2-1-300x90-1.png\",\"contentUrl\":\"https:\\\/\\\/webs.seguriserver.com\\\/okvet\\\/wp-content\\\/uploads\\\/2023\\\/05\\\/Capture2-1-300x90-1.png\",\"width\":300,\"height\":90,\"caption\":\"San Lucas\"},\"image\":{\"@id\":\"https:\\\/\\\/webs.seguriserver.com\\\/okvet\\\/#\\\/schema\\\/logo\\\/image\\\/\"}}]}<\/script>\n<!-- \/ Yoast SEO plugin. -->","yoast_head_json":{"title":"Pote Chunky Delidog Pollo en trozos con arroz y vegetales - San Lucas","robots":{"index":"index","follow":"follow","max-snippet":"max-snippet:-1","max-image-preview":"max-image-preview:large","max-video-preview":"max-video-preview:-1"},"canonical":"https:\/\/webs.seguriserver.com\/okvet\/producto\/pote-chunky-delidog-pollo-en-trozos-con-arroz-y-vegetales\/","og_locale":"es_ES","og_type":"article","og_title":"Pote Chunky Delidog Pollo en trozos con arroz y vegetales - San Lucas","og_description":"Pote chunky delidog trozos pollo, Es una rica comida h\u00fameda para perros que consta de deliciosos trozos de pollo ba\u00f1ados en una rica y provocativa salsa elaborada a partir de vegetales y arroz. Este alimento ser\u00e1 ideal para complementar la alimentaci\u00f3n diaria de tu perro. Es un alimento h\u00famedo, rico, completo y balanceado, ideal para consentir a tu perro con nuevos y deliciosos sabores.","og_url":"https:\/\/webs.seguriserver.com\/okvet\/producto\/pote-chunky-delidog-pollo-en-trozos-con-arroz-y-vegetales\/","og_site_name":"San Lucas","article_modified_time":"2023-09-05T00:58:21+00:00","og_image":[{"width":398,"height":399,"url":"https:\/\/webs.seguriserver.com\/okvet\/wp-content\/uploads\/2023\/09\/image-223.png","type":"image\/png"}],"twitter_card":"summary_large_image","twitter_misc":{"Tiempo de lectura":"1 minuto"},"schema":{"@context":"https:\/\/schema.org","@graph":[{"@type":"WebPage","@id":"https:\/\/webs.seguriserver.com\/okvet\/producto\/pote-chunky-delidog-pollo-en-trozos-con-arroz-y-vegetales\/","url":"https:\/\/webs.seguriserver.com\/okvet\/producto\/pote-chunky-delidog-pollo-en-trozos-con-arroz-y-vegetales\/","name":"Pote Chunky Delidog Pollo en trozos con arroz y vegetales - San Lucas","isPartOf":{"@id":"https:\/\/webs.seguriserver.com\/okvet\/#website"},"primaryImageOfPage":{"@id":"https:\/\/webs.seguriserver.com\/okvet\/producto\/pote-chunky-delidog-pollo-en-trozos-con-arroz-y-vegetales\/#primaryimage"},"image":{"@id":"https:\/\/webs.seguriserver.com\/okvet\/producto\/pote-chunky-delidog-pollo-en-trozos-con-arroz-y-vegetales\/#primaryimage"},"thumbnailUrl":"https:\/\/webs.seguriserver.com\/okvet\/wp-content\/uploads\/2023\/09\/image-223-e1708709808129.png","datePublished":"2023-09-05T00:50:53+00:00","dateModified":"2023-09-05T00:58:21+00:00","breadcrumb":{"@id":"https:\/\/webs.seguriserver.com\/okvet\/producto\/pote-chunky-delidog-pollo-en-trozos-con-arroz-y-vegetales\/#breadcrumb"},"inLanguage":"es-CO","potentialAction":[{"@type":"ReadAction","target":["https:\/\/webs.seguriserver.com\/okvet\/producto\/pote-chunky-delidog-pollo-en-trozos-con-arroz-y-vegetales\/"]}]},{"@type":"ImageObject","inLanguage":"es-CO","@id":"https:\/\/webs.seguriserver.com\/okvet\/producto\/pote-chunky-delidog-pollo-en-trozos-con-arroz-y-vegetales\/#primaryimage","url":"https:\/\/webs.seguriserver.com\/okvet\/wp-content\/uploads\/2023\/09\/image-223-e1708709808129.png","contentUrl":"https:\/\/webs.seguriserver.com\/okvet\/wp-content\/uploads\/2023\/09\/image-223-e1708709808129.png","width":398,"height":397},{"@type":"BreadcrumbList","@id":"https:\/\/webs.seguriserver.com\/okvet\/producto\/pote-chunky-delidog-pollo-en-trozos-con-arroz-y-vegetales\/#breadcrumb","itemListElement":[{"@type":"ListItem","position":1,"name":"Inicio","item":"https:\/\/webs.seguriserver.com\/okvet\/"},{"@type":"ListItem","position":2,"name":"Productos","item":"https:\/\/webs.seguriserver.com\/okvet\/shop\/"},{"@type":"ListItem","position":3,"name":"Pote Chunky Delidog Pollo en trozos con arroz y vegetales"}]},{"@type":"WebSite","@id":"https:\/\/webs.seguriserver.com\/okvet\/#website","url":"https:\/\/webs.seguriserver.com\/okvet\/","name":"San Lucas","description":"Cl\u00ecnica Veterinaria","publisher":{"@id":"https:\/\/webs.seguriserver.com\/okvet\/#organization"},"potentialAction":[{"@type":"SearchAction","target":{"@type":"EntryPoint","urlTemplate":"https:\/\/webs.seguriserver.com\/okvet\/?s={search_term_string}"},"query-input":{"@type":"PropertyValueSpecification","valueRequired":true,"valueName":"search_term_string"}}],"inLanguage":"es-CO"},{"@type":"Organization","@id":"https:\/\/webs.seguriserver.com\/okvet\/#organization","name":"San Lucas","url":"https:\/\/webs.seguriserver.com\/okvet\/","logo":{"@type":"ImageObject","inLanguage":"es-CO","@id":"https:\/\/webs.seguriserver.com\/okvet\/#\/schema\/logo\/image\/","url":"https:\/\/webs.seguriserver.com\/okvet\/wp-content\/uploads\/2023\/05\/Capture2-1-300x90-1.png","contentUrl":"https:\/\/webs.seguriserver.com\/okvet\/wp-content\/uploads\/2023\/05\/Capture2-1-300x90-1.png","width":300,"height":90,"caption":"San Lucas"},"image":{"@id":"https:\/\/webs.seguriserver.com\/okvet\/#\/schema\/logo\/image\/"}}]}},"_links":{"self":[{"href":"https:\/\/webs.seguriserver.com\/okvet\/wp-json\/wp\/v2\/product\/1576","targetHints":{"allow":["GET"]}}],"collection":[{"href":"https:\/\/webs.seguriserver.com\/okvet\/wp-json\/wp\/v2\/product"}],"about":[{"href":"https:\/\/webs.seguriserver.com\/okvet\/wp-json\/wp\/v2\/types\/product"}],"wp:featuredmedia":[{"embeddable":true,"href":"https:\/\/webs.seguriserver.com\/okvet\/wp-json\/wp\/v2\/media\/1580"}],"wp:attachment":[{"href":"https:\/\/webs.seguriserver.com\/okvet\/wp-json\/wp\/v2\/media?parent=1576"}],"wp:term":[{"taxonomy":"product_brand","embeddable":true,"href":"https:\/\/webs.seguriserver.com\/okvet\/wp-json\/wp\/v2\/product_brand?post=1576"},{"taxonomy":"product_cat","embeddable":true,"href":"https:\/\/webs.seguriserver.com\/okvet\/wp-json\/wp\/v2\/product_cat?post=1576"},{"taxonomy":"product_tag","embeddable":true,"href":"https:\/\/webs.seguriserver.com\/okvet\/wp-json\/wp\/v2\/product_tag?post=1576"}],"curies":[{"name":"wp","href":"https:\/\/api.w.org\/{rel}","templated":true}]}}