{"id":1552,"date":"2023-09-04T19:36:23","date_gmt":"2023-09-05T00:36:23","guid":{"rendered":"https:\/\/webs.seguriserver.com\/okvet\/?post_type=product&#038;p=1552"},"modified":"2023-09-04T19:51:05","modified_gmt":"2023-09-05T00:51:05","slug":"equilibrio-razas-pequenas-adulto","status":"publish","type":"product","link":"https:\/\/webs.seguriserver.com\/okvet\/producto\/equilibrio-razas-pequenas-adulto\/","title":{"rendered":"Equilibrio &#8211; Razas Peque\u00f1as Adulto"},"content":{"rendered":"<p>Beneficios: Equilibrio &#8211; Razas Peque\u00f1as Adulto, tiene como beneficios mejorar la absorci\u00f3n de los nutrientes. Perfecta combinaci\u00f3n de ingredientes. Mejor tr\u00e1nsito intestinal. Provee prebi\u00f3ticos y probi\u00f3ticos activos. Una vida m\u00e1s larga y saludable con la acci\u00f3n de antioxidantes naturales.<\/p>\n<p>Caracter\u00edsticas: Equilibrio &#8211; Razas Peque\u00f1as Adulto, tiene componentes como carne mec\u00e1nicamente separada de pollo, Harina de menudos de pollo, Harina de Pescado, Arroz medio grano, Afrecho de gluten de ma\u00edz 60, Ma\u00edz integral molido, Grasa de pollo (preservada con tocoferol y esencia de romero), Aceite de pescado refinado, Semilla de linaza, Pulpa de remolacha, Levadura seca de cervecer\u00eda, Cloruro de colina, Cloruro de potasio, Hexametafosfato de Sodio, Extracto de Yucca schidigera, Probi\u00f3tico, Inulina, Fosfato dic\u00e1lcico, Propionato de calcio, Cloruro de Sodio (sal com\u00fan), Hidrolizado de pollo, Suplemento vitam\u00ednico, Suplemento micromineral transquelatado.<\/p>\n","protected":false},"excerpt":{"rendered":"<p>Equilibrio &#8211; Razas Peque\u00f1as Adulto, es un alimento completo para perros de razas peque\u00f1as en la fase adulta. Perros adultos a partir de 10 meses de vida.<\/p>\n","protected":false},"featured_media":1556,"template":"","meta":{"_joinchat":[]},"product_brand":[],"product_cat":[34,35,36,37],"product_tag":[48],"class_list":{"0":"post-1552","1":"product","2":"type-product","3":"status-publish","4":"has-post-thumbnail","6":"product_cat-alimentos-y-snacks","7":"product_cat-complementos-y-accesorios","8":"product_cat-juguetes","9":"product_cat-medicamentos","10":"product_tag-equilibrio","12":"first","13":"instock","14":"sale","15":"shipping-taxable","16":"purchasable","17":"product-type-variable"},"yoast_head":"<!-- This site is optimized with the Yoast SEO plugin v27.5 - https:\/\/yoast.com\/product\/yoast-seo-wordpress\/ -->\n<title>Equilibrio - Razas Peque\u00f1as Adulto - San Lucas<\/title>\n<meta name=\"robots\" content=\"index, follow, max-snippet:-1, max-image-preview:large, max-video-preview:-1\" \/>\n<link rel=\"canonical\" href=\"https:\/\/webs.seguriserver.com\/okvet\/producto\/equilibrio-razas-pequenas-adulto\/\" \/>\n<meta property=\"og:locale\" content=\"es_ES\" \/>\n<meta property=\"og:type\" content=\"article\" \/>\n<meta property=\"og:title\" content=\"Equilibrio - Razas Peque\u00f1as Adulto - San Lucas\" \/>\n<meta property=\"og:description\" content=\"Equilibrio - Razas Peque\u00f1as Adulto, es un alimento completo para perros de razas peque\u00f1as en la fase adulta. Perros adultos a partir de 10 meses de vida.\" \/>\n<meta property=\"og:url\" content=\"https:\/\/webs.seguriserver.com\/okvet\/producto\/equilibrio-razas-pequenas-adulto\/\" \/>\n<meta property=\"og:site_name\" content=\"San Lucas\" \/>\n<meta property=\"article:modified_time\" content=\"2023-09-05T00:51:05+00:00\" \/>\n<meta property=\"og:image\" content=\"https:\/\/webs.seguriserver.com\/okvet\/wp-content\/uploads\/2023\/09\/image-219.png\" \/>\n\t<meta property=\"og:image:width\" content=\"400\" \/>\n\t<meta property=\"og:image:height\" content=\"400\" \/>\n\t<meta property=\"og:image:type\" content=\"image\/png\" \/>\n<meta name=\"twitter:card\" content=\"summary_large_image\" \/>\n<meta name=\"twitter:label1\" content=\"Tiempo de lectura\" \/>\n\t<meta name=\"twitter:data1\" content=\"1 minuto\" \/>\n<script type=\"application\/ld+json\" class=\"yoast-schema-graph\">{\"@context\":\"https:\\\/\\\/schema.org\",\"@graph\":[{\"@type\":\"WebPage\",\"@id\":\"https:\\\/\\\/webs.seguriserver.com\\\/okvet\\\/producto\\\/equilibrio-razas-pequenas-adulto\\\/\",\"url\":\"https:\\\/\\\/webs.seguriserver.com\\\/okvet\\\/producto\\\/equilibrio-razas-pequenas-adulto\\\/\",\"name\":\"Equilibrio - Razas Peque\u00f1as Adulto - San Lucas\",\"isPartOf\":{\"@id\":\"https:\\\/\\\/webs.seguriserver.com\\\/okvet\\\/#website\"},\"primaryImageOfPage\":{\"@id\":\"https:\\\/\\\/webs.seguriserver.com\\\/okvet\\\/producto\\\/equilibrio-razas-pequenas-adulto\\\/#primaryimage\"},\"image\":{\"@id\":\"https:\\\/\\\/webs.seguriserver.com\\\/okvet\\\/producto\\\/equilibrio-razas-pequenas-adulto\\\/#primaryimage\"},\"thumbnailUrl\":\"https:\\\/\\\/webs.seguriserver.com\\\/okvet\\\/wp-content\\\/uploads\\\/2023\\\/09\\\/image-219.png\",\"datePublished\":\"2023-09-05T00:36:23+00:00\",\"dateModified\":\"2023-09-05T00:51:05+00:00\",\"breadcrumb\":{\"@id\":\"https:\\\/\\\/webs.seguriserver.com\\\/okvet\\\/producto\\\/equilibrio-razas-pequenas-adulto\\\/#breadcrumb\"},\"inLanguage\":\"es-CO\",\"potentialAction\":[{\"@type\":\"ReadAction\",\"target\":[\"https:\\\/\\\/webs.seguriserver.com\\\/okvet\\\/producto\\\/equilibrio-razas-pequenas-adulto\\\/\"]}]},{\"@type\":\"ImageObject\",\"inLanguage\":\"es-CO\",\"@id\":\"https:\\\/\\\/webs.seguriserver.com\\\/okvet\\\/producto\\\/equilibrio-razas-pequenas-adulto\\\/#primaryimage\",\"url\":\"https:\\\/\\\/webs.seguriserver.com\\\/okvet\\\/wp-content\\\/uploads\\\/2023\\\/09\\\/image-219.png\",\"contentUrl\":\"https:\\\/\\\/webs.seguriserver.com\\\/okvet\\\/wp-content\\\/uploads\\\/2023\\\/09\\\/image-219.png\",\"width\":400,\"height\":400},{\"@type\":\"BreadcrumbList\",\"@id\":\"https:\\\/\\\/webs.seguriserver.com\\\/okvet\\\/producto\\\/equilibrio-razas-pequenas-adulto\\\/#breadcrumb\",\"itemListElement\":[{\"@type\":\"ListItem\",\"position\":1,\"name\":\"Inicio\",\"item\":\"https:\\\/\\\/webs.seguriserver.com\\\/okvet\\\/\"},{\"@type\":\"ListItem\",\"position\":2,\"name\":\"Productos\",\"item\":\"https:\\\/\\\/webs.seguriserver.com\\\/okvet\\\/shop\\\/\"},{\"@type\":\"ListItem\",\"position\":3,\"name\":\"Equilibrio &#8211; Razas Peque\u00f1as Adulto\"}]},{\"@type\":\"WebSite\",\"@id\":\"https:\\\/\\\/webs.seguriserver.com\\\/okvet\\\/#website\",\"url\":\"https:\\\/\\\/webs.seguriserver.com\\\/okvet\\\/\",\"name\":\"San Lucas\",\"description\":\"Cl\u00ecnica Veterinaria\",\"publisher\":{\"@id\":\"https:\\\/\\\/webs.seguriserver.com\\\/okvet\\\/#organization\"},\"potentialAction\":[{\"@type\":\"SearchAction\",\"target\":{\"@type\":\"EntryPoint\",\"urlTemplate\":\"https:\\\/\\\/webs.seguriserver.com\\\/okvet\\\/?s={search_term_string}\"},\"query-input\":{\"@type\":\"PropertyValueSpecification\",\"valueRequired\":true,\"valueName\":\"search_term_string\"}}],\"inLanguage\":\"es-CO\"},{\"@type\":\"Organization\",\"@id\":\"https:\\\/\\\/webs.seguriserver.com\\\/okvet\\\/#organization\",\"name\":\"San Lucas\",\"url\":\"https:\\\/\\\/webs.seguriserver.com\\\/okvet\\\/\",\"logo\":{\"@type\":\"ImageObject\",\"inLanguage\":\"es-CO\",\"@id\":\"https:\\\/\\\/webs.seguriserver.com\\\/okvet\\\/#\\\/schema\\\/logo\\\/image\\\/\",\"url\":\"https:\\\/\\\/webs.seguriserver.com\\\/okvet\\\/wp-content\\\/uploads\\\/2023\\\/05\\\/Capture2-1-300x90-1.png\",\"contentUrl\":\"https:\\\/\\\/webs.seguriserver.com\\\/okvet\\\/wp-content\\\/uploads\\\/2023\\\/05\\\/Capture2-1-300x90-1.png\",\"width\":300,\"height\":90,\"caption\":\"San Lucas\"},\"image\":{\"@id\":\"https:\\\/\\\/webs.seguriserver.com\\\/okvet\\\/#\\\/schema\\\/logo\\\/image\\\/\"}}]}<\/script>\n<!-- \/ Yoast SEO plugin. -->","yoast_head_json":{"title":"Equilibrio - Razas Peque\u00f1as Adulto - San Lucas","robots":{"index":"index","follow":"follow","max-snippet":"max-snippet:-1","max-image-preview":"max-image-preview:large","max-video-preview":"max-video-preview:-1"},"canonical":"https:\/\/webs.seguriserver.com\/okvet\/producto\/equilibrio-razas-pequenas-adulto\/","og_locale":"es_ES","og_type":"article","og_title":"Equilibrio - Razas Peque\u00f1as Adulto - San Lucas","og_description":"Equilibrio - Razas Peque\u00f1as Adulto, es un alimento completo para perros de razas peque\u00f1as en la fase adulta. Perros adultos a partir de 10 meses de vida.","og_url":"https:\/\/webs.seguriserver.com\/okvet\/producto\/equilibrio-razas-pequenas-adulto\/","og_site_name":"San Lucas","article_modified_time":"2023-09-05T00:51:05+00:00","og_image":[{"width":400,"height":400,"url":"https:\/\/webs.seguriserver.com\/okvet\/wp-content\/uploads\/2023\/09\/image-219.png","type":"image\/png"}],"twitter_card":"summary_large_image","twitter_misc":{"Tiempo de lectura":"1 minuto"},"schema":{"@context":"https:\/\/schema.org","@graph":[{"@type":"WebPage","@id":"https:\/\/webs.seguriserver.com\/okvet\/producto\/equilibrio-razas-pequenas-adulto\/","url":"https:\/\/webs.seguriserver.com\/okvet\/producto\/equilibrio-razas-pequenas-adulto\/","name":"Equilibrio - Razas Peque\u00f1as Adulto - San Lucas","isPartOf":{"@id":"https:\/\/webs.seguriserver.com\/okvet\/#website"},"primaryImageOfPage":{"@id":"https:\/\/webs.seguriserver.com\/okvet\/producto\/equilibrio-razas-pequenas-adulto\/#primaryimage"},"image":{"@id":"https:\/\/webs.seguriserver.com\/okvet\/producto\/equilibrio-razas-pequenas-adulto\/#primaryimage"},"thumbnailUrl":"https:\/\/webs.seguriserver.com\/okvet\/wp-content\/uploads\/2023\/09\/image-219.png","datePublished":"2023-09-05T00:36:23+00:00","dateModified":"2023-09-05T00:51:05+00:00","breadcrumb":{"@id":"https:\/\/webs.seguriserver.com\/okvet\/producto\/equilibrio-razas-pequenas-adulto\/#breadcrumb"},"inLanguage":"es-CO","potentialAction":[{"@type":"ReadAction","target":["https:\/\/webs.seguriserver.com\/okvet\/producto\/equilibrio-razas-pequenas-adulto\/"]}]},{"@type":"ImageObject","inLanguage":"es-CO","@id":"https:\/\/webs.seguriserver.com\/okvet\/producto\/equilibrio-razas-pequenas-adulto\/#primaryimage","url":"https:\/\/webs.seguriserver.com\/okvet\/wp-content\/uploads\/2023\/09\/image-219.png","contentUrl":"https:\/\/webs.seguriserver.com\/okvet\/wp-content\/uploads\/2023\/09\/image-219.png","width":400,"height":400},{"@type":"BreadcrumbList","@id":"https:\/\/webs.seguriserver.com\/okvet\/producto\/equilibrio-razas-pequenas-adulto\/#breadcrumb","itemListElement":[{"@type":"ListItem","position":1,"name":"Inicio","item":"https:\/\/webs.seguriserver.com\/okvet\/"},{"@type":"ListItem","position":2,"name":"Productos","item":"https:\/\/webs.seguriserver.com\/okvet\/shop\/"},{"@type":"ListItem","position":3,"name":"Equilibrio &#8211; Razas Peque\u00f1as Adulto"}]},{"@type":"WebSite","@id":"https:\/\/webs.seguriserver.com\/okvet\/#website","url":"https:\/\/webs.seguriserver.com\/okvet\/","name":"San Lucas","description":"Cl\u00ecnica Veterinaria","publisher":{"@id":"https:\/\/webs.seguriserver.com\/okvet\/#organization"},"potentialAction":[{"@type":"SearchAction","target":{"@type":"EntryPoint","urlTemplate":"https:\/\/webs.seguriserver.com\/okvet\/?s={search_term_string}"},"query-input":{"@type":"PropertyValueSpecification","valueRequired":true,"valueName":"search_term_string"}}],"inLanguage":"es-CO"},{"@type":"Organization","@id":"https:\/\/webs.seguriserver.com\/okvet\/#organization","name":"San Lucas","url":"https:\/\/webs.seguriserver.com\/okvet\/","logo":{"@type":"ImageObject","inLanguage":"es-CO","@id":"https:\/\/webs.seguriserver.com\/okvet\/#\/schema\/logo\/image\/","url":"https:\/\/webs.seguriserver.com\/okvet\/wp-content\/uploads\/2023\/05\/Capture2-1-300x90-1.png","contentUrl":"https:\/\/webs.seguriserver.com\/okvet\/wp-content\/uploads\/2023\/05\/Capture2-1-300x90-1.png","width":300,"height":90,"caption":"San Lucas"},"image":{"@id":"https:\/\/webs.seguriserver.com\/okvet\/#\/schema\/logo\/image\/"}}]}},"_links":{"self":[{"href":"https:\/\/webs.seguriserver.com\/okvet\/wp-json\/wp\/v2\/product\/1552","targetHints":{"allow":["GET"]}}],"collection":[{"href":"https:\/\/webs.seguriserver.com\/okvet\/wp-json\/wp\/v2\/product"}],"about":[{"href":"https:\/\/webs.seguriserver.com\/okvet\/wp-json\/wp\/v2\/types\/product"}],"wp:featuredmedia":[{"embeddable":true,"href":"https:\/\/webs.seguriserver.com\/okvet\/wp-json\/wp\/v2\/media\/1556"}],"wp:attachment":[{"href":"https:\/\/webs.seguriserver.com\/okvet\/wp-json\/wp\/v2\/media?parent=1552"}],"wp:term":[{"taxonomy":"product_brand","embeddable":true,"href":"https:\/\/webs.seguriserver.com\/okvet\/wp-json\/wp\/v2\/product_brand?post=1552"},{"taxonomy":"product_cat","embeddable":true,"href":"https:\/\/webs.seguriserver.com\/okvet\/wp-json\/wp\/v2\/product_cat?post=1552"},{"taxonomy":"product_tag","embeddable":true,"href":"https:\/\/webs.seguriserver.com\/okvet\/wp-json\/wp\/v2\/product_tag?post=1552"}],"curies":[{"name":"wp","href":"https:\/\/api.w.org\/{rel}","templated":true}]}}