{"id":764,"date":"2023-08-21T22:17:47","date_gmt":"2023-08-22T03:17:47","guid":{"rendered":"https:\/\/webs.seguriserver.com\/luzma\/?post_type=product&#038;p=764"},"modified":"2023-08-23T00:10:15","modified_gmt":"2023-08-23T05:10:15","slug":"atencion-a-ph","status":"publish","type":"product","link":"https:\/\/webs.seguriserver.com\/luzma\/producto\/atencion-a-ph\/","title":{"rendered":"Atencion a ph"},"content":{"rendered":"<h3><strong>Producto:<\/strong><br \/>\nPantal\u00f3n y blusa<\/h3>\n<p><strong>Cuello: <\/strong>Escote en V,\u00a0<strong>Manga: <\/strong>Corta, <strong>Bota: <\/strong>Recta, <strong>Color: <\/strong>Gris, <strong>Material principal: <\/strong>Antifluido de Textilia 100% poli\u00e9ster <strong>Tallas: <\/strong>Desde la talla XXS hasta la talla XXL<\/p>\n<p><strong>Bordados:<\/strong><br \/>\nEstrella de la vida, logo SENA y Tecnolog\u00eda en atenci\u00f3n Pre<br \/>\nhospitalaria debajo del logo<\/p>\n<p><strong>Detalle de la blusa:<\/strong><br \/>\n2 bolsillos inferiores, cierre lateral para el uniforme de dama<\/p>\n<p><strong>Descripci\u00f3n del pantal\u00f3n:<\/strong><br \/>\nBota recta con 2 bolsillos a cada lado y a media pierna<br \/>\n2 bolsillos auxiliares con cierre, resortado en la cintura con cord\u00f3n algod\u00f3n para<br \/>\nmejor ajuste<\/p>\n<p><strong>Camibuso:<\/strong><br \/>\nEs opcional, color gris jasped, manga larga, tela licra algod\u00f3n<\/p>\n<p><strong>Tallas:<\/strong><br \/>\nDe la talla S hasta la talla XL<\/p>\n","protected":false},"excerpt":{"rendered":"<p>Producto: Pantal\u00f3n y blusa Cuello: Escote en V,\u00a0Manga: Corta, Bota: Recta, Color: Gris, Material principal: Antifluido de Textilia 100% poli\u00e9ster Tallas: Desde la talla XXS hasta la talla XXL Bordados: Estrella de la vida, logo SENA y Tecnolog\u00eda en atenci\u00f3n Pre hospitalaria debajo del logo Detalle de la blusa: 2 bolsillos inferiores, cierre lateral para &#8230; <a title=\"Atencion a ph\" class=\"read-more\" href=\"https:\/\/webs.seguriserver.com\/luzma\/producto\/atencion-a-ph\/\" aria-label=\"M\u00e1s en Atencion a ph\">Leer m\u00e1s<\/a><\/p>\n","protected":false},"featured_media":1146,"template":"","meta":{"_joinchat":[]},"product_brand":[],"product_cat":[28,24,31],"product_tag":[],"class_list":{"0":"post-764","1":"product","2":"type-product","3":"status-publish","4":"has-post-thumbnail","6":"product_cat-area-de-salud","7":"product_cat-sena","8":"product_cat-caballero","10":"first","11":"instock","12":"shipping-taxable","13":"purchasable","14":"product-type-simple"},"_links":{"self":[{"href":"https:\/\/webs.seguriserver.com\/luzma\/wp-json\/wp\/v2\/product\/764","targetHints":{"allow":["GET"]}}],"collection":[{"href":"https:\/\/webs.seguriserver.com\/luzma\/wp-json\/wp\/v2\/product"}],"about":[{"href":"https:\/\/webs.seguriserver.com\/luzma\/wp-json\/wp\/v2\/types\/product"}],"wp:featuredmedia":[{"embeddable":true,"href":"https:\/\/webs.seguriserver.com\/luzma\/wp-json\/wp\/v2\/media\/1146"}],"wp:attachment":[{"href":"https:\/\/webs.seguriserver.com\/luzma\/wp-json\/wp\/v2\/media?parent=764"}],"wp:term":[{"taxonomy":"product_brand","embeddable":true,"href":"https:\/\/webs.seguriserver.com\/luzma\/wp-json\/wp\/v2\/product_brand?post=764"},{"taxonomy":"product_cat","embeddable":true,"href":"https:\/\/webs.seguriserver.com\/luzma\/wp-json\/wp\/v2\/product_cat?post=764"},{"taxonomy":"product_tag","embeddable":true,"href":"https:\/\/webs.seguriserver.com\/luzma\/wp-json\/wp\/v2\/product_tag?post=764"}],"curies":[{"name":"wp","href":"https:\/\/api.w.org\/{rel}","templated":true}]}}